{"id":3476,"date":"2024-01-05T09:19:10","date_gmt":"2024-01-05T08:19:10","guid":{"rendered":"https:\/\/awareson.com\/?page_id=3476"},"modified":"2024-01-05T09:19:10","modified_gmt":"2024-01-05T08:19:10","slug":"ok","status":"publish","type":"page","link":"https:\/\/awareson.com\/en\/ok\/","title":{"rendered":"ok"},"content":{"rendered":"<p>Dzi\u0119kujemy za wype\u0142nienie formularza. Odpowiedni konsultant niezw\u0142ocznie skontaktuje si\u0119 z Pa\u0144stwem.<br \/>\nThank you for filling out the form. The relevant consultant will contact you promptly.<\/p>\n<p>Je\u015bli nie chcesz otrzymywa\u0107 od nas wi\u0119cej maili, napisz na <strong>marketing@awareson.com<\/strong> i usuniemy Twoje dane z bazy danych.<br \/>\nIf you do not want to receive more e-mails from us, please write to <strong>marketing@awareson.com<\/strong> and we will delete your data from the database.<\/p>\n","protected":false},"excerpt":{"rendered":"<p>Dzi\u0119kujemy za wype\u0142nienie formularza. Odpowiedni konsultant niezw\u0142ocznie skontaktuje si\u0119 z Pa\u0144stwem. Thank you for filling out the form. The relevant consultant will contact you promptly. Je\u015bli nie chcesz otrzymywa\u0107 od nas wi\u0119cej maili, napisz na marketing@awareson.com i usuniemy Twoje dane z bazy danych. If you do not want to receive more e-mails from us, please [&hellip;]<\/p>\n","protected":false},"author":2,"featured_media":0,"parent":0,"menu_order":0,"comment_status":"closed","ping_status":"closed","template":"templates\/rodo.php","meta":{"_acf_changed":false,"inline_featured_image":false,"footnotes":""},"class_list":["post-3476","page","type-page","status-publish","hentry"],"acf":[],"yoast_head":"<!-- This site is optimized with the Yoast SEO plugin v27.3 - https:\/\/yoast.com\/product\/yoast-seo-wordpress\/ -->\n<title>ok - Awareson<\/title>\n<meta name=\"robots\" content=\"index, follow, max-snippet:-1, max-image-preview:large, max-video-preview:-1\" \/>\n<link rel=\"canonical\" href=\"https:\/\/awareson.com\/en\/ok\/\" \/>\n<meta property=\"og:locale\" content=\"en_US\" \/>\n<meta property=\"og:type\" content=\"article\" \/>\n<meta property=\"og:title\" content=\"ok - Awareson\" \/>\n<meta property=\"og:description\" content=\"Dzi\u0119kujemy za wype\u0142nienie formularza. Odpowiedni konsultant niezw\u0142ocznie skontaktuje si\u0119 z Pa\u0144stwem. Thank you for filling out the form. The relevant consultant will contact you promptly. Je\u015bli nie chcesz otrzymywa\u0107 od nas wi\u0119cej maili, napisz na marketing@awareson.com i usuniemy Twoje dane z bazy danych. If you do not want to receive more e-mails from us, please [&hellip;]\" \/>\n<meta property=\"og:url\" content=\"https:\/\/awareson.com\/en\/ok\/\" \/>\n<meta property=\"og:site_name\" content=\"Awareson\" \/>\n<meta name=\"twitter:card\" content=\"summary_large_image\" \/>\n<script type=\"application\/ld+json\" class=\"yoast-schema-graph\">{\"@context\":\"https:\\\/\\\/schema.org\",\"@graph\":[{\"@type\":\"WebPage\",\"@id\":\"https:\\\/\\\/awareson.com\\\/en\\\/ok\\\/\",\"url\":\"https:\\\/\\\/awareson.com\\\/en\\\/ok\\\/\",\"name\":\"ok - Awareson\",\"isPartOf\":{\"@id\":\"https:\\\/\\\/awareson.com\\\/#website\"},\"datePublished\":\"2024-01-05T08:19:10+00:00\",\"breadcrumb\":{\"@id\":\"https:\\\/\\\/awareson.com\\\/en\\\/ok\\\/#breadcrumb\"},\"inLanguage\":\"en-US\",\"potentialAction\":[{\"@type\":\"ReadAction\",\"target\":[\"https:\\\/\\\/awareson.com\\\/en\\\/ok\\\/\"]}]},{\"@type\":\"BreadcrumbList\",\"@id\":\"https:\\\/\\\/awareson.com\\\/en\\\/ok\\\/#breadcrumb\",\"itemListElement\":[{\"@type\":\"ListItem\",\"position\":1,\"name\":\"Strona g\u0142\u00f3wna\",\"item\":\"https:\\\/\\\/awareson.com\\\/en\\\/\"},{\"@type\":\"ListItem\",\"position\":2,\"name\":\"ok\"}]},{\"@type\":\"WebSite\",\"@id\":\"https:\\\/\\\/awareson.com\\\/#website\",\"url\":\"https:\\\/\\\/awareson.com\\\/\",\"name\":\"Awareson\",\"description\":\"Awareson - specjali\u015bci w rekrutacji IT.\",\"potentialAction\":[{\"@type\":\"SearchAction\",\"target\":{\"@type\":\"EntryPoint\",\"urlTemplate\":\"https:\\\/\\\/awareson.com\\\/?s={search_term_string}\"},\"query-input\":{\"@type\":\"PropertyValueSpecification\",\"valueRequired\":true,\"valueName\":\"search_term_string\"}}],\"inLanguage\":\"en-US\"}]}<\/script>\n<!-- \/ Yoast SEO plugin. -->","yoast_head_json":{"title":"ok - Awareson","robots":{"index":"index","follow":"follow","max-snippet":"max-snippet:-1","max-image-preview":"max-image-preview:large","max-video-preview":"max-video-preview:-1"},"canonical":"https:\/\/awareson.com\/en\/ok\/","og_locale":"en_US","og_type":"article","og_title":"ok - Awareson","og_description":"Dzi\u0119kujemy za wype\u0142nienie formularza. Odpowiedni konsultant niezw\u0142ocznie skontaktuje si\u0119 z Pa\u0144stwem. Thank you for filling out the form. The relevant consultant will contact you promptly. Je\u015bli nie chcesz otrzymywa\u0107 od nas wi\u0119cej maili, napisz na marketing@awareson.com i usuniemy Twoje dane z bazy danych. If you do not want to receive more e-mails from us, please [&hellip;]","og_url":"https:\/\/awareson.com\/en\/ok\/","og_site_name":"Awareson","twitter_card":"summary_large_image","schema":{"@context":"https:\/\/schema.org","@graph":[{"@type":"WebPage","@id":"https:\/\/awareson.com\/en\/ok\/","url":"https:\/\/awareson.com\/en\/ok\/","name":"ok - Awareson","isPartOf":{"@id":"https:\/\/awareson.com\/#website"},"datePublished":"2024-01-05T08:19:10+00:00","breadcrumb":{"@id":"https:\/\/awareson.com\/en\/ok\/#breadcrumb"},"inLanguage":"en-US","potentialAction":[{"@type":"ReadAction","target":["https:\/\/awareson.com\/en\/ok\/"]}]},{"@type":"BreadcrumbList","@id":"https:\/\/awareson.com\/en\/ok\/#breadcrumb","itemListElement":[{"@type":"ListItem","position":1,"name":"Strona g\u0142\u00f3wna","item":"https:\/\/awareson.com\/en\/"},{"@type":"ListItem","position":2,"name":"ok"}]},{"@type":"WebSite","@id":"https:\/\/awareson.com\/#website","url":"https:\/\/awareson.com\/","name":"Awareson","description":"Awareson - specjali\u015bci w rekrutacji IT.","potentialAction":[{"@type":"SearchAction","target":{"@type":"EntryPoint","urlTemplate":"https:\/\/awareson.com\/?s={search_term_string}"},"query-input":{"@type":"PropertyValueSpecification","valueRequired":true,"valueName":"search_term_string"}}],"inLanguage":"en-US"}]}},"_links":{"self":[{"href":"https:\/\/awareson.com\/en\/wp-json\/wp\/v2\/pages\/3476","targetHints":{"allow":["GET"]}}],"collection":[{"href":"https:\/\/awareson.com\/en\/wp-json\/wp\/v2\/pages"}],"about":[{"href":"https:\/\/awareson.com\/en\/wp-json\/wp\/v2\/types\/page"}],"author":[{"embeddable":true,"href":"https:\/\/awareson.com\/en\/wp-json\/wp\/v2\/users\/2"}],"replies":[{"embeddable":true,"href":"https:\/\/awareson.com\/en\/wp-json\/wp\/v2\/comments?post=3476"}],"version-history":[{"count":1,"href":"https:\/\/awareson.com\/en\/wp-json\/wp\/v2\/pages\/3476\/revisions"}],"predecessor-version":[{"id":3477,"href":"https:\/\/awareson.com\/en\/wp-json\/wp\/v2\/pages\/3476\/revisions\/3477"}],"wp:attachment":[{"href":"https:\/\/awareson.com\/en\/wp-json\/wp\/v2\/media?parent=3476"}],"curies":[{"name":"wp","href":"https:\/\/api.w.org\/{rel}","templated":true}]}}