{"id":446,"date":"2021-01-21T00:32:47","date_gmt":"2021-01-20T23:32:47","guid":{"rendered":"http:\/\/wplancer.pl\/clients\/noma\/awereson\/blog\/"},"modified":"2024-05-15T13:50:05","modified_gmt":"2024-05-15T11:50:05","slug":"blog","status":"publish","type":"page","link":"https:\/\/awareson.com\/en\/blog\/","title":{"rendered":"knowledge zone"},"content":{"rendered":"<p style=\"text-align: justify;\">Here you can read about trends, talent acquisition and retention, and get some advices from our experts.<\/p>\n","protected":false},"excerpt":{"rendered":"<p>Here you can read about trends, talent acquisition and retention, and get some advices from our experts.<\/p>\n","protected":false},"author":2,"featured_media":0,"parent":0,"menu_order":0,"comment_status":"closed","ping_status":"closed","template":"templates\/blog.php","meta":{"_acf_changed":false,"inline_featured_image":false,"footnotes":""},"class_list":["post-446","page","type-page","status-publish","hentry"],"acf":[],"yoast_head":"<!-- This site is optimized with the Yoast SEO plugin v27.3 - https:\/\/yoast.com\/product\/yoast-seo-wordpress\/ -->\n<title>Blog Awareson - rozw\u00f3j kariery w IT<\/title>\n<meta name=\"description\" content=\"Chcesz rozwija\u0107 karier\u0119 w IT? Sprawd\u017a co mo\u017cesz zrobi\u0107, \u017ceby Twoja kariera w bran\u017cy IT nie sta\u0142a w miejscu, a rozwija\u0142a si\u0119\" \/>\n<meta name=\"robots\" content=\"index, follow, max-snippet:-1, max-image-preview:large, max-video-preview:-1\" \/>\n<link rel=\"canonical\" href=\"https:\/\/awareson.com\/en\/blog\/\" \/>\n<meta property=\"og:locale\" content=\"en_US\" \/>\n<meta property=\"og:type\" content=\"article\" \/>\n<meta property=\"og:title\" content=\"Blog Awareson - rozw\u00f3j kariery w IT\" \/>\n<meta property=\"og:description\" content=\"Chcesz rozwija\u0107 karier\u0119 w IT? Sprawd\u017a co mo\u017cesz zrobi\u0107, \u017ceby Twoja kariera w bran\u017cy IT nie sta\u0142a w miejscu, a rozwija\u0142a si\u0119\" \/>\n<meta property=\"og:url\" content=\"https:\/\/awareson.com\/en\/blog\/\" \/>\n<meta property=\"og:site_name\" content=\"Awareson\" \/>\n<meta property=\"article:modified_time\" content=\"2024-05-15T11:50:05+00:00\" \/>\n<meta name=\"twitter:card\" content=\"summary_large_image\" \/>\n<meta name=\"twitter:label1\" content=\"Est. reading time\" \/>\n\t<meta name=\"twitter:data1\" content=\"1 minute\" \/>\n<script type=\"application\/ld+json\" class=\"yoast-schema-graph\">{\"@context\":\"https:\\\/\\\/schema.org\",\"@graph\":[{\"@type\":\"WebPage\",\"@id\":\"https:\\\/\\\/awareson.com\\\/en\\\/blog\\\/\",\"url\":\"https:\\\/\\\/awareson.com\\\/en\\\/blog\\\/\",\"name\":\"Blog Awareson - rozw\u00f3j kariery w IT\",\"isPartOf\":{\"@id\":\"https:\\\/\\\/awareson.com\\\/#website\"},\"datePublished\":\"2021-01-20T23:32:47+00:00\",\"dateModified\":\"2024-05-15T11:50:05+00:00\",\"description\":\"Chcesz rozwija\u0107 karier\u0119 w IT? Sprawd\u017a co mo\u017cesz zrobi\u0107, \u017ceby Twoja kariera w bran\u017cy IT nie sta\u0142a w miejscu, a rozwija\u0142a si\u0119\",\"breadcrumb\":{\"@id\":\"https:\\\/\\\/awareson.com\\\/en\\\/blog\\\/#breadcrumb\"},\"inLanguage\":\"en-US\",\"potentialAction\":[{\"@type\":\"ReadAction\",\"target\":[\"https:\\\/\\\/awareson.com\\\/en\\\/blog\\\/\"]}]},{\"@type\":\"BreadcrumbList\",\"@id\":\"https:\\\/\\\/awareson.com\\\/en\\\/blog\\\/#breadcrumb\",\"itemListElement\":[{\"@type\":\"ListItem\",\"position\":1,\"name\":\"Strona g\u0142\u00f3wna\",\"item\":\"https:\\\/\\\/awareson.com\\\/en\\\/\"},{\"@type\":\"ListItem\",\"position\":2,\"name\":\"knowledge zone\"}]},{\"@type\":\"WebSite\",\"@id\":\"https:\\\/\\\/awareson.com\\\/#website\",\"url\":\"https:\\\/\\\/awareson.com\\\/\",\"name\":\"Awareson\",\"description\":\"Awareson - specjali\u015bci w rekrutacji IT.\",\"potentialAction\":[{\"@type\":\"SearchAction\",\"target\":{\"@type\":\"EntryPoint\",\"urlTemplate\":\"https:\\\/\\\/awareson.com\\\/?s={search_term_string}\"},\"query-input\":{\"@type\":\"PropertyValueSpecification\",\"valueRequired\":true,\"valueName\":\"search_term_string\"}}],\"inLanguage\":\"en-US\"}]}<\/script>\n<!-- \/ Yoast SEO plugin. -->","yoast_head_json":{"title":"Blog Awareson - rozw\u00f3j kariery w IT","description":"Chcesz rozwija\u0107 karier\u0119 w IT? Sprawd\u017a co mo\u017cesz zrobi\u0107, \u017ceby Twoja kariera w bran\u017cy IT nie sta\u0142a w miejscu, a rozwija\u0142a si\u0119","robots":{"index":"index","follow":"follow","max-snippet":"max-snippet:-1","max-image-preview":"max-image-preview:large","max-video-preview":"max-video-preview:-1"},"canonical":"https:\/\/awareson.com\/en\/blog\/","og_locale":"en_US","og_type":"article","og_title":"Blog Awareson - rozw\u00f3j kariery w IT","og_description":"Chcesz rozwija\u0107 karier\u0119 w IT? Sprawd\u017a co mo\u017cesz zrobi\u0107, \u017ceby Twoja kariera w bran\u017cy IT nie sta\u0142a w miejscu, a rozwija\u0142a si\u0119","og_url":"https:\/\/awareson.com\/en\/blog\/","og_site_name":"Awareson","article_modified_time":"2024-05-15T11:50:05+00:00","twitter_card":"summary_large_image","twitter_misc":{"Est. reading time":"1 minute"},"schema":{"@context":"https:\/\/schema.org","@graph":[{"@type":"WebPage","@id":"https:\/\/awareson.com\/en\/blog\/","url":"https:\/\/awareson.com\/en\/blog\/","name":"Blog Awareson - rozw\u00f3j kariery w IT","isPartOf":{"@id":"https:\/\/awareson.com\/#website"},"datePublished":"2021-01-20T23:32:47+00:00","dateModified":"2024-05-15T11:50:05+00:00","description":"Chcesz rozwija\u0107 karier\u0119 w IT? Sprawd\u017a co mo\u017cesz zrobi\u0107, \u017ceby Twoja kariera w bran\u017cy IT nie sta\u0142a w miejscu, a rozwija\u0142a si\u0119","breadcrumb":{"@id":"https:\/\/awareson.com\/en\/blog\/#breadcrumb"},"inLanguage":"en-US","potentialAction":[{"@type":"ReadAction","target":["https:\/\/awareson.com\/en\/blog\/"]}]},{"@type":"BreadcrumbList","@id":"https:\/\/awareson.com\/en\/blog\/#breadcrumb","itemListElement":[{"@type":"ListItem","position":1,"name":"Strona g\u0142\u00f3wna","item":"https:\/\/awareson.com\/en\/"},{"@type":"ListItem","position":2,"name":"knowledge zone"}]},{"@type":"WebSite","@id":"https:\/\/awareson.com\/#website","url":"https:\/\/awareson.com\/","name":"Awareson","description":"Awareson - specjali\u015bci w rekrutacji IT.","potentialAction":[{"@type":"SearchAction","target":{"@type":"EntryPoint","urlTemplate":"https:\/\/awareson.com\/?s={search_term_string}"},"query-input":{"@type":"PropertyValueSpecification","valueRequired":true,"valueName":"search_term_string"}}],"inLanguage":"en-US"}]}},"_links":{"self":[{"href":"https:\/\/awareson.com\/en\/wp-json\/wp\/v2\/pages\/446","targetHints":{"allow":["GET"]}}],"collection":[{"href":"https:\/\/awareson.com\/en\/wp-json\/wp\/v2\/pages"}],"about":[{"href":"https:\/\/awareson.com\/en\/wp-json\/wp\/v2\/types\/page"}],"author":[{"embeddable":true,"href":"https:\/\/awareson.com\/en\/wp-json\/wp\/v2\/users\/2"}],"replies":[{"embeddable":true,"href":"https:\/\/awareson.com\/en\/wp-json\/wp\/v2\/comments?post=446"}],"version-history":[{"count":6,"href":"https:\/\/awareson.com\/en\/wp-json\/wp\/v2\/pages\/446\/revisions"}],"predecessor-version":[{"id":3647,"href":"https:\/\/awareson.com\/en\/wp-json\/wp\/v2\/pages\/446\/revisions\/3647"}],"wp:attachment":[{"href":"https:\/\/awareson.com\/en\/wp-json\/wp\/v2\/media?parent=446"}],"curies":[{"name":"wp","href":"https:\/\/api.w.org\/{rel}","templated":true}]}}